{"id":14,"date":"2021-03-02T14:54:45","date_gmt":"2021-03-02T13:54:45","guid":{"rendered":"http:\/\/leselectrons.org\/?page_id=14"},"modified":"2023-12-04T18:31:07","modified_gmt":"2023-12-04T17:31:07","slug":"accueil","status":"publish","type":"page","link":"https:\/\/leselectrons.org\/index.php\/accueil\/","title":{"rendered":"Bienvenue"},"content":{"rendered":"\t\t<div data-elementor-type=\"wp-page\" data-elementor-id=\"14\" class=\"elementor elementor-14\">\n\t\t\t\t<div class=\"elementor-element elementor-element-6fef1296 e-flex e-con-boxed e-con e-parent\" data-id=\"6fef1296\" data-element_type=\"container\">\n\t\t\t\t\t<div class=\"e-con-inner\">\n\t\t\t\t<div class=\"elementor-element elementor-element-2771e1b8 elementor-widget elementor-widget-text-editor\" data-id=\"2771e1b8\" data-element_type=\"widget\" data-widget_type=\"text-editor.default\">\n\t\t\t\t<div class=\"elementor-widget-container\">\n\t\t\t\t\t\t\t\t\t<div class=\"n2_clear\"><ss3-force-full-width data-overflow-x=\"body\" data-horizontal-selector=\"body\"><div class=\"n2-section-smartslider fitvidsignore  n2_clear\" data-ssid=\"6\" tabindex=\"0\" role=\"region\" aria-label=\"Slider\"><div id=\"n2-ss-6-align\" class=\"n2-ss-align\"><div class=\"n2-padding\"><div id=\"n2-ss-6\" data-creator=\"Smart Slider 3\" data-responsive=\"fullwidth\" class=\"n2-ss-slider n2-ow n2-has-hover n2notransition  \">\n        <div class=\"n2-ss-slider-1 n2_ss__touch_element n2-ow\">\n            <div class=\"n2-ss-slider-2 n2-ow\">\n                                                <div class=\"n2-ss-slider-3 n2-ow\">\n\n                    <div class=\"n2-ss-slide-backgrounds n2-ow-all\"><div class=\"n2-ss-slide-background\" data-public-id=\"1\" data-mode=\"fill\"><div data-color=\"RGBA(255,255,255,0)\" style=\"background-color: RGBA(255,255,255,0);\" class=\"n2-ss-slide-background-color\"><\/div><\/div><\/div>                    <div class=\"n2-ss-slider-4 n2-ow\">\n                        <svg xmlns=\"http:\/\/www.w3.org\/2000\/svg\" viewBox=\"0 0 1200 600\" data-related-device=\"desktopPortrait\" class=\"n2-ow n2-ss-preserve-size n2-ss-preserve-size--slider n2-ss-slide-limiter\"><\/svg><div data-first=\"1\" data-slide-duration=\"0\" data-id=\"13\" data-slide-public-id=\"1\" data-title=\"Superposition statique\" class=\"n2-ss-slide n2-ow  n2-ss-slide-13\"><div role=\"note\" class=\"n2-ss-slide--focus\" tabindex=\"-1\">Superposition statique<\/div><div class=\"n2-ss-layers-container n2-ss-slide-limiter n2-ow\"><div class=\"n2-ss-layer n2-ow n-uc-S2X8L5ROv2vT\" data-sstype=\"slide\" data-pm=\"default\"><div class=\"n2-ss-layer n2-ow n-uc-dNOL9hkeokYi\" data-pm=\"default\" data-sstype=\"content\" data-hasbackground=\"1\"><div class=\"n2-ss-section-main-content n2-ss-layer-with-background n2-ss-layer-content n2-ow n-uc-dNOL9hkeokYi-inner\"><div class=\"n2-ss-layer n2-ow n-uc-a4gvQa7gpCT2\" data-pm=\"absolute\" data-responsiveposition=\"1\" data-desktopportraitleft=\"0\" data-desktopportraittop=\"17\" data-responsivesize=\"1\" data-desktopportraitwidth=\"535\" data-desktopportraitheight=\"auto\" data-desktopportraitalign=\"left\" data-desktopportraitvalign=\"top\" data-parentid=\"\" data-desktopportraitparentalign=\"center\" data-desktopportraitparentvalign=\"middle\" data-sstype=\"layer\"><div id=\"n2-ss-6item1\" class=\"n2-font-763e62cfe977cbc52b04b45b8c7cd92f-hover   n2-ss-item-content n2-ss-text n2-ow\" style=\"display:block;\">Notre vision<\/div><\/div><div class=\"n2-ss-layer n2-ow n-uc-cE8JsduHp8Vi\" data-pm=\"absolute\" data-responsiveposition=\"1\" data-desktopportraitleft=\"-189\" data-desktopportraittop=\"-39\" data-responsivesize=\"1\" data-desktopportraitwidth=\"243\" data-desktopportraitheight=\"auto\" data-desktopportraitalign=\"center\" data-desktopportraitvalign=\"middle\" data-parentid=\"\" data-desktopportraitparentalign=\"center\" data-desktopportraitparentvalign=\"middle\" data-sstype=\"layer\"><div class=\"n2-ss-item-content n2-ss-text n2-ow-all\"><div class=\"\"><p class=\"n2-font-76797ecb30624709ebb686c0776470f7-paragraph   \">Refusant par principe les clivages qui encombrent et bloquent toute \u00e9volution du syst\u00e8me, nous souhaitons, en proximit\u00e9 avec les malades et les personnes en situation de handicap, les \u00e9lus et toutes les forces vives faire des propositions concr\u00e8tes pour avancer dans la voie d\u2019une organisation plus ouverte, plus accueillante, plus curieuse, aux id\u00e9es nouvelles et aux acteurs nouveaux qui font preuve d\u2019efficacit\u00e9 pendant la crise de la Covid-19. La sant\u00e9 n\u2019est pas que l\u2019affaire de professionnels ou d\u2019administration, elle est l\u2019affaire de la soci\u00e9t\u00e9 dans son ensemble.<\/p>\n<\/div><\/div><\/div><div class=\"n2-ss-layer n2-ow n-uc-ZTDNQ7CcCm59\" data-pm=\"absolute\" data-responsiveposition=\"1\" data-desktopportraitleft=\"-444\" data-desktopportraittop=\"-49\" data-responsivesize=\"1\" data-desktopportraitwidth=\"243\" data-desktopportraitheight=\"auto\" data-desktopportraitalign=\"center\" data-desktopportraitvalign=\"middle\" data-parentid=\"\" data-desktopportraitparentalign=\"center\" data-desktopportraitparentvalign=\"middle\" data-sstype=\"layer\"><div class=\"n2-ss-item-content n2-ss-text n2-ow-all\"><div class=\"\"><p class=\"n2-font-76797ecb30624709ebb686c0776470f7-paragraph   \">Partageant des valeurs communes autour d\u2019une r\u00e9forme en profondeur du syst\u00e8me de sant\u00e9, nous nous r\u00e9unissons pour apporter notre contribution positive dans un d\u00e9bat qui souffre souvent de nombreux cloisonnements qui ob\u00e8rent tout esprit de r\u00e9forme. Autour d\u2019une vision sans a priori, nous souhaitons apporter un regard nouveau en puisant dans nos exp\u00e9riences et nos propres expertises. L\u2019ambition des Electrons est de rassembler, d\u00e9battre et unir la soci\u00e9t\u00e9 civile autour du concept fort de co-construction.<\/p>\n<\/div><\/div><\/div><div class=\"n2-ss-layer n2-ow n-uc-UCmpqEoXcs2a n2-ss-layer--auto\" data-pm=\"absolute\" data-responsiveposition=\"1\" data-desktopportraitleft=\"-359\" data-desktopportraittop=\"150\" data-responsivesize=\"1\" data-desktopportraitwidth=\"98\" data-desktopportraitheight=\"29\" data-desktopportraitalign=\"center\" data-desktopportraitvalign=\"middle\" data-parentid=\"\" data-desktopportraitparentalign=\"center\" data-desktopportraitparentvalign=\"middle\" data-sstype=\"layer\"><div class=\"n2-ss-button-container n2-ss-item-content n2-ow n2-font-176464dee0eea5b1ac11b21dab9b24d2-link  n2-ss-nowrap n2-ss-button-container--non-full-width\"><a class=\"n2-style-09f199038e9ca349c4275826ed3e09de-heading  n2-ow \" href=\"https:\/\/leselectrons.org\/index.php\/a-propos-de\/\"><div><div>En savoir plus<\/div><\/div><\/a><\/div><\/div><div class=\"n2-ss-layer n2-ow n-uc-pzhIMiVx2Jtr\" data-pm=\"absolute\" data-responsiveposition=\"1\" data-desktopportraitleft=\"267\" data-desktopportraittop=\"-20\" data-responsivesize=\"1\" data-desktopportraitwidth=\"779\" data-desktopportraitheight=\"608\" data-desktopportraitalign=\"center\" data-desktopportraitvalign=\"middle\" data-parentid=\"\" data-desktopportraitparentalign=\"center\" data-desktopportraitparentvalign=\"middle\" data-sstype=\"layer\"><div class=\" n2-ss-item-image-content n2-ss-item-content n2-ow-all\"><img fetchpriority=\"high\" decoding=\"async\" id=\"n2-ss-6item5\" alt=\"\" class=\"skip-lazy\" width=\"4584\" height=\"3334\" data-skip-lazy=\"1\" src=\"\/\/leselectrons.org\/wp-content\/uploads\/2021\/06\/59890-ombre.png\" \/><\/div><\/div><div class=\"n2-ss-layer n2-ow n-uc-fNqUgA6Wpy5d\" data-pm=\"absolute\" data-responsiveposition=\"1\" data-desktopportraitleft=\"268\" data-desktopportraittop=\"-113\" data-responsivesize=\"1\" data-desktopportraitwidth=\"722\" data-desktopportraitheight=\"330\" data-desktopportraitalign=\"center\" data-desktopportraitvalign=\"middle\" data-parentid=\"\" data-desktopportraitparentalign=\"center\" data-desktopportraitparentvalign=\"middle\" data-sstype=\"layer\"><div class=\" n2-ss-item-image-content n2-ss-item-content n2-ow-all\"><img decoding=\"async\" id=\"n2-ss-6item6\" alt=\"\" class=\"skip-lazy\" width=\"4584\" height=\"3334\" data-skip-lazy=\"1\" src=\"\/\/leselectrons.org\/wp-content\/uploads\/2021\/06\/Blanc-rose.png\" \/><\/div><\/div><div class=\"n2-ss-layer n2-ow n-uc-of41HMqDOsCG\" data-pm=\"absolute\" data-responsiveposition=\"1\" data-desktopportraitleft=\"257\" data-desktopportraittop=\"-33\" data-responsivesize=\"1\" data-desktopportraitwidth=\"779\" data-desktopportraitheight=\"588\" data-desktopportraitalign=\"center\" data-desktopportraitvalign=\"middle\" data-parentid=\"\" data-desktopportraitparentalign=\"center\" data-desktopportraitparentvalign=\"middle\" data-sstype=\"layer\"><div class=\" n2-ss-item-image-content n2-ss-item-content n2-ow-all\"><img decoding=\"async\" id=\"n2-ss-6item7\" alt=\"\" class=\"skip-lazy\" width=\"4584\" height=\"3334\" data-skip-lazy=\"1\" src=\"\/\/leselectrons.org\/wp-content\/uploads\/2021\/06\/59890-png.png\" \/><\/div><\/div><\/div><\/div><\/div><\/div><\/div>                    <\/div>\n\n                                    <\/div>\n            <\/div>\n        <\/div>\n        <\/div><ss3-loader><\/ss3-loader><\/div><\/div><div class=\"n2_clear\"><\/div><\/div><\/ss3-force-full-width><\/div>\t\t\t\t\t\t\t\t<\/div>\n\t\t\t\t<\/div>\n\t\t\t\t\t<\/div>\n\t\t\t\t<\/div>\n\t\t<div class=\"elementor-element elementor-element-6ea55d2 e-flex e-con-boxed e-con e-parent\" data-id=\"6ea55d2\" data-element_type=\"container\">\n\t\t\t\t\t<div class=\"e-con-inner\">\n\t\t\t\t<div class=\"elementor-element elementor-element-e1b551a elementor-widget elementor-widget-text-editor\" data-id=\"e1b551a\" data-element_type=\"widget\" data-widget_type=\"text-editor.default\">\n\t\t\t\t<div class=\"elementor-widget-container\">\n\t\t\t\t\t\t\t\t\t<div class=\"n2_clear\"><ss3-force-full-width data-overflow-x=\"body\" data-horizontal-selector=\"body\"><div class=\"n2-section-smartslider fitvidsignore  n2_clear\" data-ssid=\"6\" tabindex=\"0\" role=\"region\" aria-label=\"Slider\"><div id=\"n2-ss-6-align\" class=\"n2-ss-align\"><div class=\"n2-padding\"><div id=\"n2-ss-6\" data-creator=\"Smart Slider 3\" data-responsive=\"fullwidth\" class=\"n2-ss-slider n2-ow n2-has-hover n2notransition  \">\n        <div class=\"n2-ss-slider-1 n2_ss__touch_element n2-ow\">\n            <div class=\"n2-ss-slider-2 n2-ow\">\n                                                <div class=\"n2-ss-slider-3 n2-ow\">\n\n                    <div class=\"n2-ss-slide-backgrounds n2-ow-all\"><div class=\"n2-ss-slide-background\" data-public-id=\"1\" data-mode=\"fill\"><div data-color=\"RGBA(255,255,255,0)\" style=\"background-color: RGBA(255,255,255,0);\" class=\"n2-ss-slide-background-color\"><\/div><\/div><\/div>                    <div class=\"n2-ss-slider-4 n2-ow\">\n                        <svg xmlns=\"http:\/\/www.w3.org\/2000\/svg\" viewBox=\"0 0 1200 600\" data-related-device=\"desktopPortrait\" class=\"n2-ow n2-ss-preserve-size n2-ss-preserve-size--slider n2-ss-slide-limiter\"><\/svg><div data-first=\"1\" data-slide-duration=\"0\" data-id=\"13\" data-slide-public-id=\"1\" data-title=\"Superposition statique\" class=\"n2-ss-slide n2-ow  n2-ss-slide-13\"><div role=\"note\" class=\"n2-ss-slide--focus\" tabindex=\"-1\">Superposition statique<\/div><div class=\"n2-ss-layers-container n2-ss-slide-limiter n2-ow\"><div class=\"n2-ss-layer n2-ow n-uc-S2X8L5ROv2vT\" data-sstype=\"slide\" data-pm=\"default\"><div class=\"n2-ss-layer n2-ow n-uc-dNOL9hkeokYi\" data-pm=\"default\" data-sstype=\"content\" data-hasbackground=\"1\"><div class=\"n2-ss-section-main-content n2-ss-layer-with-background n2-ss-layer-content n2-ow n-uc-dNOL9hkeokYi-inner\"><div class=\"n2-ss-layer n2-ow n-uc-a4gvQa7gpCT2\" data-pm=\"absolute\" data-responsiveposition=\"1\" data-desktopportraitleft=\"0\" data-desktopportraittop=\"17\" data-responsivesize=\"1\" data-desktopportraitwidth=\"535\" data-desktopportraitheight=\"auto\" data-desktopportraitalign=\"left\" data-desktopportraitvalign=\"top\" data-parentid=\"\" data-desktopportraitparentalign=\"center\" data-desktopportraitparentvalign=\"middle\" data-sstype=\"layer\"><div id=\"n2-ss-6item1\" class=\"n2-font-763e62cfe977cbc52b04b45b8c7cd92f-hover   n2-ss-item-content n2-ss-text n2-ow\" style=\"display:block;\">Notre vision<\/div><\/div><div class=\"n2-ss-layer n2-ow n-uc-cE8JsduHp8Vi\" data-pm=\"absolute\" data-responsiveposition=\"1\" data-desktopportraitleft=\"-189\" data-desktopportraittop=\"-39\" data-responsivesize=\"1\" data-desktopportraitwidth=\"243\" data-desktopportraitheight=\"auto\" data-desktopportraitalign=\"center\" data-desktopportraitvalign=\"middle\" data-parentid=\"\" data-desktopportraitparentalign=\"center\" data-desktopportraitparentvalign=\"middle\" data-sstype=\"layer\"><div class=\"n2-ss-item-content n2-ss-text n2-ow-all\"><div class=\"\"><p class=\"n2-font-76797ecb30624709ebb686c0776470f7-paragraph   \">Refusant par principe les clivages qui encombrent et bloquent toute \u00e9volution du syst\u00e8me, nous souhaitons, en proximit\u00e9 avec les malades et les personnes en situation de handicap, les \u00e9lus et toutes les forces vives faire des propositions concr\u00e8tes pour avancer dans la voie d\u2019une organisation plus ouverte, plus accueillante, plus curieuse, aux id\u00e9es nouvelles et aux acteurs nouveaux qui font preuve d\u2019efficacit\u00e9 pendant la crise de la Covid-19. La sant\u00e9 n\u2019est pas que l\u2019affaire de professionnels ou d\u2019administration, elle est l\u2019affaire de la soci\u00e9t\u00e9 dans son ensemble.<\/p>\n<\/div><\/div><\/div><div class=\"n2-ss-layer n2-ow n-uc-ZTDNQ7CcCm59\" data-pm=\"absolute\" data-responsiveposition=\"1\" data-desktopportraitleft=\"-444\" data-desktopportraittop=\"-49\" data-responsivesize=\"1\" data-desktopportraitwidth=\"243\" data-desktopportraitheight=\"auto\" data-desktopportraitalign=\"center\" data-desktopportraitvalign=\"middle\" data-parentid=\"\" data-desktopportraitparentalign=\"center\" data-desktopportraitparentvalign=\"middle\" data-sstype=\"layer\"><div class=\"n2-ss-item-content n2-ss-text n2-ow-all\"><div class=\"\"><p class=\"n2-font-76797ecb30624709ebb686c0776470f7-paragraph   \">Partageant des valeurs communes autour d\u2019une r\u00e9forme en profondeur du syst\u00e8me de sant\u00e9, nous nous r\u00e9unissons pour apporter notre contribution positive dans un d\u00e9bat qui souffre souvent de nombreux cloisonnements qui ob\u00e8rent tout esprit de r\u00e9forme. Autour d\u2019une vision sans a priori, nous souhaitons apporter un regard nouveau en puisant dans nos exp\u00e9riences et nos propres expertises. L\u2019ambition des Electrons est de rassembler, d\u00e9battre et unir la soci\u00e9t\u00e9 civile autour du concept fort de co-construction.<\/p>\n<\/div><\/div><\/div><div class=\"n2-ss-layer n2-ow n-uc-UCmpqEoXcs2a n2-ss-layer--auto\" data-pm=\"absolute\" data-responsiveposition=\"1\" data-desktopportraitleft=\"-359\" data-desktopportraittop=\"150\" data-responsivesize=\"1\" data-desktopportraitwidth=\"98\" data-desktopportraitheight=\"29\" data-desktopportraitalign=\"center\" data-desktopportraitvalign=\"middle\" data-parentid=\"\" data-desktopportraitparentalign=\"center\" data-desktopportraitparentvalign=\"middle\" data-sstype=\"layer\"><div class=\"n2-ss-button-container n2-ss-item-content n2-ow n2-font-176464dee0eea5b1ac11b21dab9b24d2-link  n2-ss-nowrap n2-ss-button-container--non-full-width\"><a class=\"n2-style-09f199038e9ca349c4275826ed3e09de-heading  n2-ow \" href=\"https:\/\/leselectrons.org\/index.php\/a-propos-de\/\"><div><div>En savoir plus<\/div><\/div><\/a><\/div><\/div><div class=\"n2-ss-layer n2-ow n-uc-pzhIMiVx2Jtr\" data-pm=\"absolute\" data-responsiveposition=\"1\" data-desktopportraitleft=\"267\" data-desktopportraittop=\"-20\" data-responsivesize=\"1\" data-desktopportraitwidth=\"779\" data-desktopportraitheight=\"608\" data-desktopportraitalign=\"center\" data-desktopportraitvalign=\"middle\" data-parentid=\"\" data-desktopportraitparentalign=\"center\" data-desktopportraitparentvalign=\"middle\" data-sstype=\"layer\"><div class=\" n2-ss-item-image-content n2-ss-item-content n2-ow-all\"><img fetchpriority=\"high\" decoding=\"async\" id=\"n2-ss-6item5\" alt=\"\" class=\"skip-lazy\" width=\"4584\" height=\"3334\" data-skip-lazy=\"1\" src=\"\/\/leselectrons.org\/wp-content\/uploads\/2021\/06\/59890-ombre.png\" \/><\/div><\/div><div class=\"n2-ss-layer n2-ow n-uc-fNqUgA6Wpy5d\" data-pm=\"absolute\" data-responsiveposition=\"1\" data-desktopportraitleft=\"268\" data-desktopportraittop=\"-113\" data-responsivesize=\"1\" data-desktopportraitwidth=\"722\" data-desktopportraitheight=\"330\" data-desktopportraitalign=\"center\" data-desktopportraitvalign=\"middle\" data-parentid=\"\" data-desktopportraitparentalign=\"center\" data-desktopportraitparentvalign=\"middle\" data-sstype=\"layer\"><div class=\" n2-ss-item-image-content n2-ss-item-content n2-ow-all\"><img decoding=\"async\" id=\"n2-ss-6item6\" alt=\"\" class=\"skip-lazy\" width=\"4584\" height=\"3334\" data-skip-lazy=\"1\" src=\"\/\/leselectrons.org\/wp-content\/uploads\/2021\/06\/Blanc-rose.png\" \/><\/div><\/div><div class=\"n2-ss-layer n2-ow n-uc-of41HMqDOsCG\" data-pm=\"absolute\" data-responsiveposition=\"1\" data-desktopportraitleft=\"257\" data-desktopportraittop=\"-33\" data-responsivesize=\"1\" data-desktopportraitwidth=\"779\" data-desktopportraitheight=\"588\" data-desktopportraitalign=\"center\" data-desktopportraitvalign=\"middle\" data-parentid=\"\" data-desktopportraitparentalign=\"center\" data-desktopportraitparentvalign=\"middle\" data-sstype=\"layer\"><div class=\" n2-ss-item-image-content n2-ss-item-content n2-ow-all\"><img decoding=\"async\" id=\"n2-ss-6item7\" alt=\"\" class=\"skip-lazy\" width=\"4584\" height=\"3334\" data-skip-lazy=\"1\" src=\"\/\/leselectrons.org\/wp-content\/uploads\/2021\/06\/59890-png.png\" \/><\/div><\/div><\/div><\/div><\/div><\/div><\/div>                    <\/div>\n\n                                    <\/div>\n            <\/div>\n        <\/div>\n        <\/div><ss3-loader><\/ss3-loader><\/div><\/div><div class=\"n2_clear\"><\/div><\/div><\/ss3-force-full-width><\/div>\n<div class=\"wp-block-column is-layout-flow wp-block-column-is-layout-flow\" style=\"flex-basis: 33.33%;\">\n<div class=\"wp-block-buttons is-horizontal is-content-justification-right is-layout-flex wp-container-core-buttons-is-layout-30af2ff6 wp-block-buttons-is-layout-flex\">\n<div class=\"wp-block-button is-style-primary\"><a class=\"wp-block-button__link wp-element-button\" href=\"https:\/\/leselectrons.org\/index.php\/blog\/\">Voir tout<\/a><\/div>\n<\/div>\n<\/div>\n<\/div>\n<!-- \/wp:columns --><!-- wp:gallery {\"columns\":3,\"linkTo\":\"none\",\"sizeSlug\":\"full\"} -->\n<figure class=\"wp-block-gallery has-nested-images columns-3 is-cropped\"><!-- wp:image {\"id\":229,\"sizeSlug\":\"full\",\"linkDestination\":\"none\"} -->\n<figure class=\"wp-block-image size-full\"><img decoding=\"async\" class=\"wp-image-229\" src=\"https:\/\/leselectrons.org\/wp-content\/uploads\/2021\/03\/assistance_publique_-_hopitaux_de_paris.jpg\" alt=\"\" \/><\/figure>\n<!-- \/wp:image --><!-- wp:image {\"id\":229,\"sizeSlug\":\"full\",\"linkDestination\":\"none\"} -->\n<figure class=\"wp-block-image size-full\"><img decoding=\"async\" class=\"wp-image-229\" src=\"https:\/\/leselectrons.org\/wp-content\/uploads\/2021\/03\/assistance_publique_-_hopitaux_de_paris.jpg\" alt=\"\" \/><\/figure>\n<!-- \/wp:image --><!-- wp:image {\"id\":131,\"sizeSlug\":\"full\",\"linkDestination\":\"none\"} -->\n<figure class=\"wp-block-image size-full\"><img loading=\"lazy\" decoding=\"async\" width=\"450\" height=\"300\" class=\"wp-image-131\" src=\"https:\/\/leselectrons.org\/wp-content\/uploads\/2021\/04\/53082921-insurance-concept.jpg\" alt=\"\" srcset=\"https:\/\/leselectrons.org\/wp-content\/uploads\/2021\/04\/53082921-insurance-concept.jpg 450w, https:\/\/leselectrons.org\/wp-content\/uploads\/2021\/04\/53082921-insurance-concept-300x200.jpg 300w\" sizes=\"(max-width: 450px) 100vw, 450px\" \/><\/figure>\n<!-- \/wp:image --><\/figure>\n<!-- \/wp:gallery --><!-- wp:columns -->\n<div class=\"wp-block-columns\"><!-- wp:column -->\n<div class=\"wp-block-column\"><!-- wp:paragraph {\"align\":\"center\"} -->\n<p class=\"has-text-align-center\"><strong><a href=\"ttp:\/\/leselectrons.org\/index.php\/2021\/04\/27\/rigidite-des-normes-et-corporatisme-les-2-freins-a-la-reforme-hospitaliere\/\">Rigidit\u00e9 des normes et corporatisme : les freins \u00e0 la r\u00e9forme hospitali\u00e8re<\/a><\/strong><\/p>\n<!-- \/wp:paragraph --><\/div>\n<!-- \/wp:column --><!-- wp:column -->\n<div class=\"wp-block-column\"><!-- wp:paragraph {\"align\":\"center\"} -->\n<p class=\"has-text-align-center\"><strong><a href=\"https:\/\/leselectrons.org\/index.php\/2021\/03\/04\/test-proposition-2\/\">Un plan Marshall pour l&rsquo;h\u00f4pital ! Oui mais ? <\/a><\/strong><\/p>\n<!-- \/wp:paragraph --><\/div>\n<!-- \/wp:column --><!-- wp:column -->\n<div class=\"wp-block-column\"><!-- wp:paragraph {\"align\":\"center\"} -->\n<p class=\"has-text-align-center\"><strong><a href=\"https:\/\/leselectrons.org\/index.php\/2021\/03\/02\/bonjour-tout-le-monde\/\">Am\u00e9liorer notre syst\u00e8me de sant\u00e9? Mettons les usagers et les jeunes professionnels au centre du jeu !<\/a><\/strong><\/p>\n<!-- \/wp:paragraph --><\/div>\n<!-- \/wp:column --><\/div>\n<!-- \/wp:columns --><!-- wp:separator {\"opacity\":\"css\",\"className\":\"alignwide\"} --><hr class=\"wp-block-separator has-css-opacity alignwide\" \/><!-- \/wp:separator --><!-- wp:group -->\n<div class=\"wp-block-group\"><!-- wp:buttons -->\n<div class=\"wp-block-buttons\"><!-- wp:button -->\n<div class=\"wp-block-button\"><a class=\"wp-block-button__link wp-element-button\" href=\"https:\/\/leselectrons.org\/index.php\/onparledenous\/\">On parle de nous &gt;<\/a><\/div>\n<!-- \/wp:button --><\/div>\n<!-- \/wp:buttons --><!-- wp:paragraph -->\n<p>\u00a0<\/p>\n<!-- \/wp:paragraph --><\/div>\n<!-- \/wp:group --><\/div>\n<!-- \/wp:group --><!-- wp:spacer {\"height\":\"38px\"} -->\n<div class=\"wp-block-spacer\" style=\"height: 38px;\" aria-hidden=\"true\">\u00a0<\/div>\n<!-- \/wp:spacer -->\t\t\t\t\t\t\t\t<\/div>\n\t\t\t\t<\/div>\n\t\t\t\t\t<\/div>\n\t\t\t\t<\/div>\n\t\t\t\t<\/div>\n\t\t","protected":false},"excerpt":{"rendered":"<p>Rigidit\u00e9 des normes et corporatisme : les freins \u00e0 la r\u00e9forme hospitali\u00e8re Un plan Marshall pour l&rsquo;h\u00f4pital ! Oui mais ? Am\u00e9liorer notre syst\u00e8me de sant\u00e9? Mettons les usagers et les jeunes professionnels au centre du jeu ! \u00a0 \u00a0 On parle de nous &gt; \u00a0<\/p>\n","protected":false},"author":1,"featured_media":0,"parent":0,"menu_order":0,"comment_status":"closed","ping_status":"closed","template":"","meta":{"_uag_custom_page_level_css":"","site-sidebar-layout":"default","site-content-layout":"","ast-site-content-layout":"","site-content-style":"default","site-sidebar-style":"default","ast-global-header-display":"","ast-banner-title-visibility":"","ast-main-header-display":"","ast-hfb-above-header-display":"","ast-hfb-below-header-display":"","ast-hfb-mobile-header-display":"","site-post-title":"","ast-breadcrumbs-content":"","ast-featured-img":"","footer-sml-layout":"","theme-transparent-header-meta":"","adv-header-id-meta":"","stick-header-meta":"","header-above-stick-meta":"","header-main-stick-meta":"","header-below-stick-meta":"","astra-migrate-meta-layouts":"default","ast-page-background-enabled":"default","ast-page-background-meta":{"desktop":{"background-color":"var(--ast-global-color-4)","background-image":"","background-repeat":"repeat","background-position":"center center","background-size":"auto","background-attachment":"scroll","background-type":"","background-media":"","overlay-type":"","overlay-color":"","overlay-opacity":"","overlay-gradient":""},"tablet":{"background-color":"","background-image":"","background-repeat":"repeat","background-position":"center center","background-size":"auto","background-attachment":"scroll","background-type":"","background-media":"","overlay-type":"","overlay-color":"","overlay-opacity":"","overlay-gradient":""},"mobile":{"background-color":"","background-image":"","background-repeat":"repeat","background-position":"center center","background-size":"auto","background-attachment":"scroll","background-type":"","background-media":"","overlay-type":"","overlay-color":"","overlay-opacity":"","overlay-gradient":""}},"ast-content-background-meta":{"desktop":{"background-color":"var(--ast-global-color-5)","background-image":"","background-repeat":"repeat","background-position":"center center","background-size":"auto","background-attachment":"scroll","background-type":"","background-media":"","overlay-type":"","overlay-color":"","overlay-opacity":"","overlay-gradient":""},"tablet":{"background-color":"var(--ast-global-color-5)","background-image":"","background-repeat":"repeat","background-position":"center center","background-size":"auto","background-attachment":"scroll","background-type":"","background-media":"","overlay-type":"","overlay-color":"","overlay-opacity":"","overlay-gradient":""},"mobile":{"background-color":"var(--ast-global-color-5)","background-image":"","background-repeat":"repeat","background-position":"center center","background-size":"auto","background-attachment":"scroll","background-type":"","background-media":"","overlay-type":"","overlay-color":"","overlay-opacity":"","overlay-gradient":""}},"footnotes":""},"nos_propositions":[],"class_list":["post-14","page","type-page","status-publish","hentry"],"uagb_featured_image_src":{"full":false,"thumbnail":false,"medium":false,"medium_large":false,"large":false,"1536x1536":false,"2048x2048":false},"uagb_author_info":{"display_name":"admin4638","author_link":"https:\/\/leselectrons.org\/index.php\/author\/admin4638\/"},"uagb_comment_info":0,"uagb_excerpt":"Rigidit\u00e9 des normes et corporatisme : les freins \u00e0 la r\u00e9forme hospitali\u00e8re Un plan Marshall pour l&rsquo;h\u00f4pital ! Oui mais ? Am\u00e9liorer notre syst\u00e8me de sant\u00e9? Mettons les usagers et les jeunes professionnels au centre du jeu ! \u00a0 \u00a0 On parle de nous &gt; \u00a0","_links":{"self":[{"href":"https:\/\/leselectrons.org\/index.php\/wp-json\/wp\/v2\/pages\/14","targetHints":{"allow":["GET"]}}],"collection":[{"href":"https:\/\/leselectrons.org\/index.php\/wp-json\/wp\/v2\/pages"}],"about":[{"href":"https:\/\/leselectrons.org\/index.php\/wp-json\/wp\/v2\/types\/page"}],"author":[{"embeddable":true,"href":"https:\/\/leselectrons.org\/index.php\/wp-json\/wp\/v2\/users\/1"}],"replies":[{"embeddable":true,"href":"https:\/\/leselectrons.org\/index.php\/wp-json\/wp\/v2\/comments?post=14"}],"version-history":[{"count":28,"href":"https:\/\/leselectrons.org\/index.php\/wp-json\/wp\/v2\/pages\/14\/revisions"}],"predecessor-version":[{"id":356,"href":"https:\/\/leselectrons.org\/index.php\/wp-json\/wp\/v2\/pages\/14\/revisions\/356"}],"wp:attachment":[{"href":"https:\/\/leselectrons.org\/index.php\/wp-json\/wp\/v2\/media?parent=14"}],"wp:term":[{"taxonomy":"nos_propositions","embeddable":true,"href":"https:\/\/leselectrons.org\/index.php\/wp-json\/wp\/v2\/nos_propositions?post=14"}],"curies":[{"name":"wp","href":"https:\/\/api.w.org\/{rel}","templated":true}]}}