{"id":358,"date":"2023-12-04T19:06:14","date_gmt":"2023-12-04T18:06:14","guid":{"rendered":"https:\/\/leselectrons.org\/?page_id=358"},"modified":"2023-12-07T12:16:12","modified_gmt":"2023-12-07T11:16:12","slug":"accueil-2","status":"publish","type":"page","link":"https:\/\/leselectrons.org\/","title":{"rendered":"Accueil"},"content":{"rendered":"\t\t<div data-elementor-type=\"wp-page\" data-elementor-id=\"358\" class=\"elementor elementor-358\">\n\t\t\t\t<div class=\"elementor-element elementor-element-u6ou9m8 e-flex e-con-boxed e-con e-parent\" data-id=\"u6ou9m8\" data-element_type=\"container\" data-settings=\"{&quot;background_background&quot;:&quot;classic&quot;,&quot;shape_divider_bottom&quot;:&quot;waves&quot;}\">\n\t\t\t\t\t<div class=\"e-con-inner\">\n\t\t\t\t<div class=\"elementor-shape elementor-shape-bottom\" aria-hidden=\"true\" data-negative=\"false\">\n\t\t\t<svg xmlns=\"http:\/\/www.w3.org\/2000\/svg\" viewBox=\"0 0 1000 100\" preserveAspectRatio=\"none\">\n\t<path class=\"elementor-shape-fill\" d=\"M421.9,6.5c22.6-2.5,51.5,0.4,75.5,5.3c23.6,4.9,70.9,23.5,100.5,35.7c75.8,32.2,133.7,44.5,192.6,49.7\n\tc23.6,2.1,48.7,3.5,103.4-2.5c54.7-6,106.2-25.6,106.2-25.6V0H0v30.3c0,0,72,32.6,158.4,30.5c39.2-0.7,92.8-6.7,134-22.4\n\tc21.2-8.1,52.2-18.2,79.7-24.2C399.3,7.9,411.6,7.5,421.9,6.5z\"\/>\n<\/svg>\t\t<\/div>\n\t\t<div class=\"elementor-element elementor-element-af77dea e-con-full e-flex e-con e-child\" data-id=\"af77dea\" data-element_type=\"container\">\n\t\t\t\t<div class=\"elementor-element elementor-element-9ff3b15 elementor-widget elementor-widget-heading\" data-id=\"9ff3b15\" data-element_type=\"widget\" data-widget_type=\"heading.default\">\n\t\t\t\t<div class=\"elementor-widget-container\">\n\t\t\t\t\t<h2 class=\"elementor-heading-title elementor-size-default\">Un do-tank citoyen pour r\u00e9former le syst\u00e8me de sant\u00e9<\/h2>\t\t\t\t<\/div>\n\t\t\t\t<\/div>\n\t\t\t\t<div class=\"elementor-element elementor-element-e39e952 elementor-widget elementor-widget-text-editor\" data-id=\"e39e952\" data-element_type=\"widget\" data-widget_type=\"text-editor.default\">\n\t\t\t\t<div class=\"elementor-widget-container\">\n\t\t\t\t\t\t\t\t\t<p>Partageant des valeurs communes autour d\u2019une r\u00e9forme en profondeur du syst\u00e8me de sant\u00e9, nous nous r\u00e9unissons pour apporter notre contribution positive dans un d\u00e9bat qui souffre souvent de nombreux cloisonnements qui ob\u00e8rent tout esprit de r\u00e9forme. Autour d\u2019une vision sans a priori, nous souhaitons apporter un regard nouveau en puisant dans nos exp\u00e9riences et nos propres expertises. L\u2019ambition des Electrons est de rassembler, d\u00e9battre et unir la soci\u00e9t\u00e9 civile autour du concept fort de co-construction.<\/p>\n<p>\u00a0<\/p>\n<p>Refusant par principe les clivages qui encombrent et bloquent toute \u00e9volution du syst\u00e8me, nous souhaitons, en proximit\u00e9 avec les malades et les personnes en situation de handicap, les \u00e9lus et toutes les forces vives faire des propositions concr\u00e8tes pour avancer dans la voie d\u2019une organisation plus ouverte, plus accueillante, plus curieuse, aux id\u00e9es nouvelles et aux acteurs nouveaux qui font preuve d\u2019efficacit\u00e9 pendant la crise de la Covid-19. La sant\u00e9 n\u2019est pas que l\u2019affaire de professionnels ou d\u2019administration, elle est l\u2019affaire de la soci\u00e9t\u00e9 dans son ensemble.<\/p>\t\t\t\t\t\t\t\t<\/div>\n\t\t\t\t<\/div>\n\t\t\t\t<\/div>\n\t\t<div class=\"elementor-element elementor-element-993fddc e-con-full e-flex e-con e-child\" data-id=\"993fddc\" data-element_type=\"container\">\n\t\t\t\t<div class=\"elementor-element elementor-element-a4deb6c elementor-widget elementor-widget-image\" data-id=\"a4deb6c\" data-element_type=\"widget\" data-widget_type=\"image.default\">\n\t\t\t\t<div class=\"elementor-widget-container\">\n\t\t\t\t\t\t\t\t\t\t\t\t\t\t\t<img decoding=\"async\" src=\"https:\/\/leselectrons.org\/wp-content\/uploads\/elementor\/thumbs\/59890-png-p9fgbzjba58lutuwuyw6gvc4skopwmqr67kge9jt28.png\" title=\"59890 png\" alt=\"59890 png\" loading=\"lazy\" \/>\t\t\t\t\t\t\t\t\t\t\t\t\t\t\t<\/div>\n\t\t\t\t<\/div>\n\t\t\t\t<\/div>\n\t\t\t\t\t<\/div>\n\t\t\t\t<\/div>\n\t\t<div class=\"elementor-element elementor-element-7yn85kp e-flex e-con-boxed e-con e-parent\" data-id=\"7yn85kp\" data-element_type=\"container\" data-settings=\"{&quot;shape_divider_bottom&quot;:&quot;waves&quot;}\">\n\t\t\t\t\t<div class=\"e-con-inner\">\n\t\t\t\t<div class=\"elementor-shape elementor-shape-bottom\" aria-hidden=\"true\" data-negative=\"false\">\n\t\t\t<svg xmlns=\"http:\/\/www.w3.org\/2000\/svg\" viewBox=\"0 0 1000 100\" preserveAspectRatio=\"none\">\n\t<path class=\"elementor-shape-fill\" d=\"M421.9,6.5c22.6-2.5,51.5,0.4,75.5,5.3c23.6,4.9,70.9,23.5,100.5,35.7c75.8,32.2,133.7,44.5,192.6,49.7\n\tc23.6,2.1,48.7,3.5,103.4-2.5c54.7-6,106.2-25.6,106.2-25.6V0H0v30.3c0,0,72,32.6,158.4,30.5c39.2-0.7,92.8-6.7,134-22.4\n\tc21.2-8.1,52.2-18.2,79.7-24.2C399.3,7.9,411.6,7.5,421.9,6.5z\"\/>\n<\/svg>\t\t<\/div>\n\t\t<div class=\"elementor-element elementor-element-9b5e8aa e-con-full e-flex e-con e-child\" data-id=\"9b5e8aa\" data-element_type=\"container\">\n\t\t<div class=\"elementor-element elementor-element-9f2391b e-flex e-con-boxed e-con e-child\" data-id=\"9f2391b\" data-element_type=\"container\">\n\t\t\t\t\t<div class=\"e-con-inner\">\n\t\t<div class=\"elementor-element elementor-element-a6f9734 e-con-full e-flex e-con e-child\" data-id=\"a6f9734\" data-element_type=\"container\">\n\t\t\t\t<div class=\"elementor-element elementor-element-6b6458a elementor-widget-divider--view-line elementor-widget elementor-widget-divider\" data-id=\"6b6458a\" data-element_type=\"widget\" data-widget_type=\"divider.default\">\n\t\t\t\t<div class=\"elementor-widget-container\">\n\t\t\t\t\t\t\t<div class=\"elementor-divider\">\n\t\t\t<span class=\"elementor-divider-separator\">\n\t\t\t\t\t\t<\/span>\n\t\t<\/div>\n\t\t\t\t\t\t<\/div>\n\t\t\t\t<\/div>\n\t\t\t\t<div class=\"elementor-element elementor-element-35b887f elementor-widget elementor-widget-heading\" data-id=\"35b887f\" data-element_type=\"widget\" data-widget_type=\"heading.default\">\n\t\t\t\t<div class=\"elementor-widget-container\">\n\t\t\t\t\t<h2 class=\"elementor-heading-title elementor-size-default\">Actualit\u00e9s<\/h2>\t\t\t\t<\/div>\n\t\t\t\t<\/div>\n\t\t\t\t<\/div>\n\t\t<div class=\"elementor-element elementor-element-c5a2004 e-con-full e-flex e-con e-child\" data-id=\"c5a2004\" data-element_type=\"container\">\n\t\t\t\t<div class=\"elementor-element elementor-element-845a6f2 elementor-align-right elementor-mobile-align-left elementor-widget elementor-widget-button\" data-id=\"845a6f2\" data-element_type=\"widget\" data-widget_type=\"button.default\">\n\t\t\t\t<div class=\"elementor-widget-container\">\n\t\t\t\t\t\t\t\t\t<div class=\"elementor-button-wrapper\">\n\t\t\t\t\t<a class=\"elementor-button elementor-button-link elementor-size-sm\" href=\"https:\/\/leselectrons.org\/index.php\/blog\/\">\n\t\t\t\t\t\t<span class=\"elementor-button-content-wrapper\">\n\t\t\t\t\t\t\t\t\t<span class=\"elementor-button-text\">Derniers article<\/span>\n\t\t\t\t\t<\/span>\n\t\t\t\t\t<\/a>\n\t\t\t\t<\/div>\n\t\t\t\t\t\t\t\t<\/div>\n\t\t\t\t<\/div>\n\t\t\t\t<\/div>\n\t\t\t\t\t<\/div>\n\t\t\t\t<\/div>\n\t\t<div class=\"elementor-element elementor-element-d993fd3 e-flex e-con-boxed e-con e-child\" data-id=\"d993fd3\" data-element_type=\"container\">\n\t\t\t\t\t<div class=\"e-con-inner\">\n\t\t<div class=\"elementor-element elementor-element-d5b5a51 e-con-full e-flex e-con e-child\" data-id=\"d5b5a51\" data-element_type=\"container\" data-settings=\"{&quot;background_background&quot;:&quot;classic&quot;}\">\n\t\t\t\t<div class=\"elementor-element elementor-element-3a6fc06 elementor-widget elementor-widget-image\" data-id=\"3a6fc06\" data-element_type=\"widget\" data-widget_type=\"image.default\">\n\t\t\t\t<div class=\"elementor-widget-container\">\n\t\t\t\t\t\t\t\t\t\t\t\t\t\t\t\t<a href=\"https:\/\/leselectrons.org\/index.php\/2023\/03\/01\/sante-la-paix-des-braves-plutot-que-la-guerre-syndicale\/\">\n\t\t\t\t\t\t\t<img fetchpriority=\"high\" decoding=\"async\" width=\"368\" height=\"240\" src=\"https:\/\/leselectrons.org\/wp-content\/uploads\/2023\/12\/Image-actualites-Sante.png\" class=\"attachment-full size-full wp-image-458\" alt=\"\" srcset=\"https:\/\/leselectrons.org\/wp-content\/uploads\/2023\/12\/Image-actualites-Sante.png 368w, https:\/\/leselectrons.org\/wp-content\/uploads\/2023\/12\/Image-actualites-Sante-300x196.png 300w\" sizes=\"(max-width: 368px) 100vw, 368px\" \/>\t\t\t\t\t\t\t\t<\/a>\n\t\t\t\t\t\t\t\t\t\t\t\t\t\t\t<\/div>\n\t\t\t\t<\/div>\n\t\t\t\t<div class=\"elementor-element elementor-element-82604ad elementor-widget elementor-widget-heading\" data-id=\"82604ad\" data-element_type=\"widget\" data-widget_type=\"heading.default\">\n\t\t\t\t<div class=\"elementor-widget-container\">\n\t\t\t\t\t<h4 class=\"elementor-heading-title elementor-size-default\">Sant\u00e9 : la paix des braves plut\u00f4t que la guerre syndicale<\/h4>\t\t\t\t<\/div>\n\t\t\t\t<\/div>\n\t\t\t\t<div class=\"elementor-element elementor-element-5851bdc elementor-widget elementor-widget-text-editor\" data-id=\"5851bdc\" data-element_type=\"widget\" data-widget_type=\"text-editor.default\">\n\t\t\t\t<div class=\"elementor-widget-container\">\n\t\t\t\t\t\t\t\t\t<p>Plus que jamais, le syst\u00e8me de sant\u00e9 a besoin de retrouver un peu de s\u00e9r\u00e9nit\u00e9. La crise de la covid a montr\u00e9 que son organisation \u00e9tatique, centralis\u00e9e, fond\u00e9e sur des dogmes et des doxas administratives, n\u2019apportait pas les r\u00e9ponses attendues par la population.<\/p>\t\t\t\t\t\t\t\t<\/div>\n\t\t\t\t<\/div>\n\t\t\t\t<div class=\"elementor-element elementor-element-24c01bf elementor-widget elementor-widget-button\" data-id=\"24c01bf\" data-element_type=\"widget\" data-widget_type=\"button.default\">\n\t\t\t\t<div class=\"elementor-widget-container\">\n\t\t\t\t\t\t\t\t\t<div class=\"elementor-button-wrapper\">\n\t\t\t\t\t<a class=\"elementor-button elementor-button-link elementor-size-sm\" href=\"https:\/\/leselectrons.org\/index.php\/2023\/03\/01\/sante-la-paix-des-braves-plutot-que-la-guerre-syndicale\/\">\n\t\t\t\t\t\t<span class=\"elementor-button-content-wrapper\">\n\t\t\t\t\t\t<span class=\"elementor-button-icon\">\n\t\t\t\t<svg aria-hidden=\"true\" class=\"e-font-icon-svg e-fas-long-arrow-alt-right\" viewBox=\"0 0 448 512\" xmlns=\"http:\/\/www.w3.org\/2000\/svg\"><path d=\"M313.941 216H12c-6.627 0-12 5.373-12 12v56c0 6.627 5.373 12 12 12h301.941v46.059c0 21.382 25.851 32.09 40.971 16.971l86.059-86.059c9.373-9.373 9.373-24.569 0-33.941l-86.059-86.059c-15.119-15.119-40.971-4.411-40.971 16.971V216z\"><\/path><\/svg>\t\t\t<\/span>\n\t\t\t\t\t\t\t\t\t<span class=\"elementor-button-text\">En savoir plus<\/span>\n\t\t\t\t\t<\/span>\n\t\t\t\t\t<\/a>\n\t\t\t\t<\/div>\n\t\t\t\t\t\t\t\t<\/div>\n\t\t\t\t<\/div>\n\t\t\t\t<\/div>\n\t\t<div class=\"elementor-element elementor-element-2528366 e-con-full e-flex e-con e-child\" data-id=\"2528366\" data-element_type=\"container\" data-settings=\"{&quot;background_background&quot;:&quot;classic&quot;}\">\n\t\t\t\t<div class=\"elementor-element elementor-element-9daa531 elementor-widget elementor-widget-image\" data-id=\"9daa531\" data-element_type=\"widget\" data-widget_type=\"image.default\">\n\t\t\t\t<div class=\"elementor-widget-container\">\n\t\t\t\t\t\t\t\t\t\t\t\t\t\t\t\t<a href=\"https:\/\/leselectrons.org\/index.php\/2023\/02\/21\/anne-smetana-le-systeme-de-sante-au-danemark\/\">\n\t\t\t\t\t\t\t<img decoding=\"async\" width=\"368\" height=\"240\" src=\"https:\/\/leselectrons.org\/wp-content\/uploads\/2023\/12\/Image-actualites-Anne-Smetana.png\" class=\"attachment-full size-full wp-image-456\" alt=\"\" srcset=\"https:\/\/leselectrons.org\/wp-content\/uploads\/2023\/12\/Image-actualites-Anne-Smetana.png 368w, https:\/\/leselectrons.org\/wp-content\/uploads\/2023\/12\/Image-actualites-Anne-Smetana-300x196.png 300w\" sizes=\"(max-width: 368px) 100vw, 368px\" \/>\t\t\t\t\t\t\t\t<\/a>\n\t\t\t\t\t\t\t\t\t\t\t\t\t\t\t<\/div>\n\t\t\t\t<\/div>\n\t\t\t\t<div class=\"elementor-element elementor-element-9c41be4 elementor-widget elementor-widget-heading\" data-id=\"9c41be4\" data-element_type=\"widget\" data-widget_type=\"heading.default\">\n\t\t\t\t<div class=\"elementor-widget-container\">\n\t\t\t\t\t<h4 class=\"elementor-heading-title elementor-size-default\">Anne Smetana : le syst\u00e8me de sant\u00e9 au Danemark<\/h4>\t\t\t\t<\/div>\n\t\t\t\t<\/div>\n\t\t\t\t<div class=\"elementor-element elementor-element-792dfef elementor-widget elementor-widget-text-editor\" data-id=\"792dfef\" data-element_type=\"widget\" data-widget_type=\"text-editor.default\">\n\t\t\t\t<div class=\"elementor-widget-container\">\n\t\t\t\t\t\t\t\t\t<p>Il y a plusieurs ann\u00e9es, le Danemark a fait le choix de passer d\u2019un syst\u00e8me de sant\u00e9 hospitalo-centr\u00e9 \u00e0 une vision d\u00e9centralis\u00e9e, au profit des communes et des r\u00e9gions.<\/p>\t\t\t\t\t\t\t\t<\/div>\n\t\t\t\t<\/div>\n\t\t\t\t<div class=\"elementor-element elementor-element-1f1b1df elementor-widget elementor-widget-button\" data-id=\"1f1b1df\" data-element_type=\"widget\" data-widget_type=\"button.default\">\n\t\t\t\t<div class=\"elementor-widget-container\">\n\t\t\t\t\t\t\t\t\t<div class=\"elementor-button-wrapper\">\n\t\t\t\t\t<a class=\"elementor-button elementor-button-link elementor-size-sm\" href=\"https:\/\/leselectrons.org\/index.php\/2023\/02\/21\/anne-smetana-le-systeme-de-sante-au-danemark\/\">\n\t\t\t\t\t\t<span class=\"elementor-button-content-wrapper\">\n\t\t\t\t\t\t<span class=\"elementor-button-icon\">\n\t\t\t\t<svg aria-hidden=\"true\" class=\"e-font-icon-svg e-fas-long-arrow-alt-right\" viewBox=\"0 0 448 512\" xmlns=\"http:\/\/www.w3.org\/2000\/svg\"><path d=\"M313.941 216H12c-6.627 0-12 5.373-12 12v56c0 6.627 5.373 12 12 12h301.941v46.059c0 21.382 25.851 32.09 40.971 16.971l86.059-86.059c9.373-9.373 9.373-24.569 0-33.941l-86.059-86.059c-15.119-15.119-40.971-4.411-40.971 16.971V216z\"><\/path><\/svg>\t\t\t<\/span>\n\t\t\t\t\t\t\t\t\t<span class=\"elementor-button-text\">En savoir plus<\/span>\n\t\t\t\t\t<\/span>\n\t\t\t\t\t<\/a>\n\t\t\t\t<\/div>\n\t\t\t\t\t\t\t\t<\/div>\n\t\t\t\t<\/div>\n\t\t\t\t<\/div>\n\t\t<div class=\"elementor-element elementor-element-d113804 e-con-full e-flex e-con e-child\" data-id=\"d113804\" data-element_type=\"container\" data-settings=\"{&quot;background_background&quot;:&quot;classic&quot;}\">\n\t\t\t\t<div class=\"elementor-element elementor-element-1fed4dd elementor-widget elementor-widget-image\" data-id=\"1fed4dd\" data-element_type=\"widget\" data-widget_type=\"image.default\">\n\t\t\t\t<div class=\"elementor-widget-container\">\n\t\t\t\t\t\t\t\t\t\t\t\t\t\t\t\t<a href=\"https:\/\/leselectrons.org\/index.php\/2022\/11\/25\/femmes-et-sante-un-enjeu-majeur-de-reconnaissance\/\">\n\t\t\t\t\t\t\t<img decoding=\"async\" width=\"368\" height=\"240\" src=\"https:\/\/leselectrons.org\/wp-content\/uploads\/2023\/12\/Image-actualites-Les-Electrons.png\" class=\"attachment-full size-full wp-image-457\" alt=\"\" srcset=\"https:\/\/leselectrons.org\/wp-content\/uploads\/2023\/12\/Image-actualites-Les-Electrons.png 368w, https:\/\/leselectrons.org\/wp-content\/uploads\/2023\/12\/Image-actualites-Les-Electrons-300x196.png 300w\" sizes=\"(max-width: 368px) 100vw, 368px\" \/>\t\t\t\t\t\t\t\t<\/a>\n\t\t\t\t\t\t\t\t\t\t\t\t\t\t\t<\/div>\n\t\t\t\t<\/div>\n\t\t\t\t<div class=\"elementor-element elementor-element-98824ea elementor-widget elementor-widget-heading\" data-id=\"98824ea\" data-element_type=\"widget\" data-widget_type=\"heading.default\">\n\t\t\t\t<div class=\"elementor-widget-container\">\n\t\t\t\t\t<h4 class=\"elementor-heading-title elementor-size-default\">Femmes et sant\u00e9 : un enjeu majeur de reconnaissance<\/h4>\t\t\t\t<\/div>\n\t\t\t\t<\/div>\n\t\t\t\t<div class=\"elementor-element elementor-element-d29768a elementor-widget elementor-widget-text-editor\" data-id=\"d29768a\" data-element_type=\"widget\" data-widget_type=\"text-editor.default\">\n\t\t\t\t<div class=\"elementor-widget-container\">\n\t\t\t\t\t\t\t\t\t<p>S\u2019il est vrai qu\u2019on mesure le degr\u00e9 de civilisation d\u2019un pays \u00e0 la place et la consid\u00e9ration accord\u00e9es aux femmes, convenons qu\u2019il reste encore des efforts \u00e0 faire\u2026 et notamment dans le domaine de la sant\u00e9.<\/p>\t\t\t\t\t\t\t\t<\/div>\n\t\t\t\t<\/div>\n\t\t\t\t<div class=\"elementor-element elementor-element-7b8a2c6 elementor-widget elementor-widget-button\" data-id=\"7b8a2c6\" data-element_type=\"widget\" data-widget_type=\"button.default\">\n\t\t\t\t<div class=\"elementor-widget-container\">\n\t\t\t\t\t\t\t\t\t<div class=\"elementor-button-wrapper\">\n\t\t\t\t\t<a class=\"elementor-button elementor-button-link elementor-size-sm\" href=\"https:\/\/leselectrons.org\/index.php\/2022\/11\/25\/femmes-et-sante-un-enjeu-majeur-de-reconnaissance\/\">\n\t\t\t\t\t\t<span class=\"elementor-button-content-wrapper\">\n\t\t\t\t\t\t<span class=\"elementor-button-icon\">\n\t\t\t\t<svg aria-hidden=\"true\" class=\"e-font-icon-svg e-fas-long-arrow-alt-right\" viewBox=\"0 0 448 512\" xmlns=\"http:\/\/www.w3.org\/2000\/svg\"><path d=\"M313.941 216H12c-6.627 0-12 5.373-12 12v56c0 6.627 5.373 12 12 12h301.941v46.059c0 21.382 25.851 32.09 40.971 16.971l86.059-86.059c9.373-9.373 9.373-24.569 0-33.941l-86.059-86.059c-15.119-15.119-40.971-4.411-40.971 16.971V216z\"><\/path><\/svg>\t\t\t<\/span>\n\t\t\t\t\t\t\t\t\t<span class=\"elementor-button-text\">En savoir plus<\/span>\n\t\t\t\t\t<\/span>\n\t\t\t\t\t<\/a>\n\t\t\t\t<\/div>\n\t\t\t\t\t\t\t\t<\/div>\n\t\t\t\t<\/div>\n\t\t\t\t<\/div>\n\t\t\t\t\t<\/div>\n\t\t\t\t<\/div>\n\t\t\t\t<\/div>\n\t\t\t\t\t<\/div>\n\t\t\t\t<\/div>\n\t\t<div class=\"elementor-element elementor-element-3550ebb e-flex e-con-boxed e-con e-parent\" data-id=\"3550ebb\" data-element_type=\"container\">\n\t\t\t\t\t<div class=\"e-con-inner\">\n\t\t\t\t\t<\/div>\n\t\t\t\t<\/div>\n\t\t\t\t<\/div>\n\t\t","protected":false},"excerpt":{"rendered":"<p>Un do-tank citoyen pour r\u00e9former le syst\u00e8me de sant\u00e9 Partageant des valeurs communes autour d\u2019une r\u00e9forme en profondeur du syst\u00e8me de sant\u00e9, nous nous r\u00e9unissons pour apporter notre contribution positive dans un d\u00e9bat qui souffre souvent de nombreux cloisonnements qui ob\u00e8rent tout esprit de r\u00e9forme. Autour d\u2019une vision sans a priori, nous souhaitons apporter un [&hellip;]<\/p>\n","protected":false},"author":1,"featured_media":0,"parent":0,"menu_order":0,"comment_status":"closed","ping_status":"closed","template":"","meta":{"_uag_custom_page_level_css":"","site-sidebar-layout":"default","site-content-layout":"","ast-site-content-layout":"","site-content-style":"default","site-sidebar-style":"default","ast-global-header-display":"","ast-banner-title-visibility":"","ast-main-header-display":"","ast-hfb-above-header-display":"","ast-hfb-below-header-display":"","ast-hfb-mobile-header-display":"","site-post-title":"","ast-breadcrumbs-content":"","ast-featured-img":"","footer-sml-layout":"","theme-transparent-header-meta":"","adv-header-id-meta":"","stick-header-meta":"","header-above-stick-meta":"","header-main-stick-meta":"","header-below-stick-meta":"","astra-migrate-meta-layouts":"default","ast-page-background-enabled":"default","ast-page-background-meta":{"desktop":{"background-color":"var(--ast-global-color-4)","background-image":"","background-repeat":"repeat","background-position":"center center","background-size":"auto","background-attachment":"scroll","background-type":"","background-media":"","overlay-type":"","overlay-color":"","overlay-opacity":"","overlay-gradient":""},"tablet":{"background-color":"","background-image":"","background-repeat":"repeat","background-position":"center center","background-size":"auto","background-attachment":"scroll","background-type":"","background-media":"","overlay-type":"","overlay-color":"","overlay-opacity":"","overlay-gradient":""},"mobile":{"background-color":"","background-image":"","background-repeat":"repeat","background-position":"center center","background-size":"auto","background-attachment":"scroll","background-type":"","background-media":"","overlay-type":"","overlay-color":"","overlay-opacity":"","overlay-gradient":""}},"ast-content-background-meta":{"desktop":{"background-color":"var(--ast-global-color-5)","background-image":"","background-repeat":"repeat","background-position":"center center","background-size":"auto","background-attachment":"scroll","background-type":"","background-media":"","overlay-type":"","overlay-color":"","overlay-opacity":"","overlay-gradient":""},"tablet":{"background-color":"var(--ast-global-color-5)","background-image":"","background-repeat":"repeat","background-position":"center center","background-size":"auto","background-attachment":"scroll","background-type":"","background-media":"","overlay-type":"","overlay-color":"","overlay-opacity":"","overlay-gradient":""},"mobile":{"background-color":"var(--ast-global-color-5)","background-image":"","background-repeat":"repeat","background-position":"center center","background-size":"auto","background-attachment":"scroll","background-type":"","background-media":"","overlay-type":"","overlay-color":"","overlay-opacity":"","overlay-gradient":""}},"footnotes":""},"nos_propositions":[],"class_list":["post-358","page","type-page","status-publish","hentry"],"uagb_featured_image_src":{"full":false,"thumbnail":false,"medium":false,"medium_large":false,"large":false,"1536x1536":false,"2048x2048":false},"uagb_author_info":{"display_name":"admin4638","author_link":"https:\/\/leselectrons.org\/index.php\/author\/admin4638\/"},"uagb_comment_info":0,"uagb_excerpt":"Un do-tank citoyen pour r\u00e9former le syst\u00e8me de sant\u00e9 Partageant des valeurs communes autour d\u2019une r\u00e9forme en profondeur du syst\u00e8me de sant\u00e9, nous nous r\u00e9unissons pour apporter notre contribution positive dans un d\u00e9bat qui souffre souvent de nombreux cloisonnements qui ob\u00e8rent tout esprit de r\u00e9forme. Autour d\u2019une vision sans a priori, nous souhaitons apporter un\u2026","_links":{"self":[{"href":"https:\/\/leselectrons.org\/index.php\/wp-json\/wp\/v2\/pages\/358","targetHints":{"allow":["GET"]}}],"collection":[{"href":"https:\/\/leselectrons.org\/index.php\/wp-json\/wp\/v2\/pages"}],"about":[{"href":"https:\/\/leselectrons.org\/index.php\/wp-json\/wp\/v2\/types\/page"}],"author":[{"embeddable":true,"href":"https:\/\/leselectrons.org\/index.php\/wp-json\/wp\/v2\/users\/1"}],"replies":[{"embeddable":true,"href":"https:\/\/leselectrons.org\/index.php\/wp-json\/wp\/v2\/comments?post=358"}],"version-history":[{"count":28,"href":"https:\/\/leselectrons.org\/index.php\/wp-json\/wp\/v2\/pages\/358\/revisions"}],"predecessor-version":[{"id":484,"href":"https:\/\/leselectrons.org\/index.php\/wp-json\/wp\/v2\/pages\/358\/revisions\/484"}],"wp:attachment":[{"href":"https:\/\/leselectrons.org\/index.php\/wp-json\/wp\/v2\/media?parent=358"}],"wp:term":[{"taxonomy":"nos_propositions","embeddable":true,"href":"https:\/\/leselectrons.org\/index.php\/wp-json\/wp\/v2\/nos_propositions?post=358"}],"curies":[{"name":"wp","href":"https:\/\/api.w.org\/{rel}","templated":true}]}}